{"id":6075,"date":"2017-02-20T09:48:49","date_gmt":"2017-02-20T09:48:49","guid":{"rendered":"http:\/\/theme.visualmodo.com\/marvel\/?page_id=162"},"modified":"2026-04-10T14:44:48","modified_gmt":"2026-04-10T17:44:48","slug":"home-4","status":"publish","type":"page","link":"https:\/\/secbg.com.br\/","title":{"rendered":"Home"},"content":{"rendered":"<div class=\"wpb-content-wrapper\"><p>[vc_row full_width=&#8221;stretch_row_content_no_spaces&#8221; equal_height=&#8221;yes&#8221; content_placement=&#8221;top&#8221; css=&#8221;.vc_custom_1775843082527{margin-top: -35px !important;margin-bottom: -40px !important;background-color: #395371 !important;}&#8221;][vc_column][vc_posts_slider type=&#8221;nivo&#8221; count=&#8221;Todos&#8221; interval=&#8221;3&#8243; link=&#8221;link_no&#8221; thumb_size=&#8221;2560&#215;1098&#8243; css=&#8221;.vc_custom_1774643606624{margin-bottom: 0px !important;}&#8221; posttypes=&#8221;slide&#8221;][\/vc_column][\/vc_row][vc_row full_width=&#8221;stretch_row_content_no_spaces&#8221; equal_height=&#8221;yes&#8221; content_placement=&#8221;middle&#8221;][vc_column width=&#8221;1\/2&#8243; css=&#8221;.vc_custom_1690464048705{padding-top: 10% !important;padding-right: 10% !important;padding-bottom: 10% !important;padding-left: 10% !important;background-color: #395371 !important;}&#8221;][vc_custom_heading text=&#8221;O SINDICATO \u00c9 A PRINCIPAL FOR\u00c7A DE PROTE\u00c7\u00c3O DOS SEUS DIREITOS&#8221; font_container=&#8221;tag:h2|text_align:left|color:%23ffffff&#8221; google_fonts=&#8221;font_family:Oswald%3A300%2Cregular%2C700|font_style:400%20regular%3A400%3Anormal&#8221; css_animation=&#8221;fadeInUp&#8221;][vc_column_text css_animation=&#8221;fadeInUp&#8221; css=&#8221;.vc_custom_1678988539965{padding-top: 30px !important;padding-bottom: 30px !important;}&#8221;]<\/p>\n<p style=\"color: #fff;\">O sindicato \u00e9 uma entidade que representa e defende o trabalhador. Cada trabalhador, dependendo da sua categoria, tem um sindicato espec\u00edfico que o representa.<\/p>\n<p style=\"color: #fff;\">Voc\u00ea comerci\u00e1rio, tem o SEC-BG, que \u00e9 o Sindicato dos Empregados no Com\u00e9rcio de Bento Gon\u00e7alves e Regi\u00e3o.<\/p>\n<p>[\/vc_column_text][\/vc_column][vc_column width=&#8221;1\/6&#8243; css=&#8221;.vc_custom_1767810436335{padding-top: 5% !important;padding-right: 15% !important;padding-bottom: 5% !important;padding-left: 15% !important;background-color: #FFFFFF !important;}&#8221;][vc_custom_heading text=&#8221;O SEC-BG REPRESENTA E DEFENDE O TRABALHADOR.&#8221; font_container=&#8221;tag:h3|font_size:30px|text_align:center|color:%23111111|line_height:44px&#8221; google_fonts=&#8221;font_family:Oswald%3A300%2Cregular%2C700|font_style:400%20regular%3A400%3Anormal&#8221; css_animation=&#8221;fadeInUp&#8221; css=&#8221;&#8221;][\/vc_column][vc_column width=&#8221;1\/3&#8243; css=&#8221;.vc_custom_1690464253472{background-image: url(https:\/\/secbg.com.br\/wp-content\/uploads\/2023\/03\/fundo-associe-se.png?id=6094) !important;background-position: center !important;background-repeat: no-repeat !important;background-size: cover !important;}&#8221;][vc_single_image image=&#8221;6094&#8243; img_size=&#8221;full&#8221; alignment=&#8221;center&#8221;][\/vc_column][\/vc_row][vc_row full_width=&#8221;stretch_row_content_no_spaces&#8221; equal_height=&#8221;yes&#8221; content_placement=&#8221;middle&#8221;][vc_column width=&#8221;1\/4&#8243; css=&#8221;.vc_custom_1697762193261{padding-top: 5% !important;padding-right: 5% !important;padding-bottom: 5% !important;padding-left: 5% !important;background-color: #d0dadb !important;background-position: center !important;background-repeat: no-repeat !important;background-size: cover !important;}&#8221;][vc_single_image image=&#8221;6583&#8243; img_size=&#8221;full&#8221;][\/vc_column][vc_column width=&#8221;1\/4&#8243; css=&#8221;.vc_custom_1690480939789{padding-top: 15% !important;padding-right: 15% !important;padding-bottom: 15% !important;padding-left: 15% !important;}&#8221;][vc_column_text css_animation=&#8221;fadeInUp&#8221; css=&#8221;.vc_custom_1678988370073{padding-bottom: 15px !important;}&#8221;]O SEC-BG nasceu com um limite geogr\u00e1fico extensivo somente ao munic\u00edpio de Bento Gon\u00e7alves, por\u00e9m mais tarde, recebeu autoriza\u00e7\u00e3o do Minist\u00e9rio do Trabalho para estender sua base para outros munic\u00edpios.[\/vc_column_text][\/vc_column][vc_column width=&#8221;1\/2&#8243; css=&#8221;.vc_custom_1690480969151{background-color: #d0dadb !important;background-position: center !important;background-repeat: no-repeat !important;background-size: cover !important;}&#8221;][vc_single_image image=&#8221;6435&#8243; img_size=&#8221;large&#8221; alignment=&#8221;center&#8221;][\/vc_column][\/vc_row][vc_row full_width=&#8221;stretch_row_content_no_spaces&#8221; equal_height=&#8221;yes&#8221; css=&#8221;.vc_custom_1487601417739{background-color: #f5f5f5 !important;}&#8221;][vc_column width=&#8221;2\/6&#8243; css=&#8221;.vc_custom_1690464943031{padding-top: 15% !important;padding-right: 15% !important;padding-bottom: 15% !important;padding-left: 15% !important;}&#8221;][vc_column_text css_animation=&#8221;fadeInUp&#8221;]<\/p>\n<h3 style=\"font-size: 30px; line-height: 44px !important;\"><strong>DIRETORIA<\/strong><\/h3>\n<p>[\/vc_column_text][vc_column_text]<b>DIRETORIA DO SEC BG<br \/>\n<\/b><b>MANDATO NO PER\u00cdODO DE 18 DE DEZEMBRO DE 2023 \u00c0 17 DE DEZEMBRO DE 2027<\/b><\/p>\n<p><span style=\"font-weight: 400;\">DIRETORIA:<\/span><br \/>\n<b>Presidente: Orildes Maria Lottici<\/b><span style=\"font-weight: 400;\"><br \/>\n<\/span><b>Secret\u00e1rio Geral: Mauri Chaves de Escobar<br \/>\n<\/b><b>Tesoureiro: S\u00e9rgio Marino Ribeiro Neves<br \/>\n<\/b><b>Diretor de Assuntos Sindicais: Jamir de Farias Borges<br \/>\n<\/b><b>Diretor de Rela\u00e7\u00f5es Institucionais: Adriana Ara\u00fajo Mun\u00f5z<br \/>\n<\/b><b>Diretor de Patrim\u00f4nio: Emanuele Damaceno<\/b><\/p>\n<p><span style=\"font-weight: 400;\">SUPLENTES DA DIRETORIA:<br \/>\n<\/span><b>Juleide Maria Zanotelli<br \/>\n<\/b><b>Edson Luis da Costa Oliveira<\/b><\/p>\n<p><span style=\"font-weight: 400;\">CONSELHO FISCAL:<br \/>\n<\/span><b>Nelso Trevisan<br \/>\n<\/b><b>Justino Natal Conte<br \/>\n<\/b><b>Janete Maria Geremia Beluzzo<\/b><\/p>\n<p><span style=\"font-weight: 400;\">CONSELHO FISCAL SUPLENTES:<br \/>\n<\/span><b>Teresinha Mikolaiczyka<\/b>[\/vc_column_text][\/vc_column][vc_column width=&#8221;4\/6&#8243; css=&#8221;.vc_custom_1690465400933{padding-top: -50px !important;padding-right: -50px !important;padding-bottom: -50px !important;padding-left: -50px !important;background-color: #f5f5f5 !important;background-position: center !important;background-repeat: no-repeat !important;background-size: cover !important;}&#8221;][vc_single_image image=&#8221;6417&#8243; img_size=&#8221;full&#8221; alignment=&#8221;center&#8221;][\/vc_column][\/vc_row][vc_row full_width=&#8221;stretch_row&#8221; css=&#8221;.vc_custom_1679610674347{padding-top: 30px !important;padding-bottom: 30px !important;background-color: #9ca9b9 !important;}&#8221;][vc_column width=&#8221;1\/2&#8243;][vc_single_image image=&#8221;6202&#8243; img_size=&#8221;full&#8221; onclick=&#8221;custom_link&#8221; link=&#8221;https:\/\/secbg.com.br\/?page_id=6224&#8243;][\/vc_column][vc_column width=&#8221;1\/2&#8243;][vc_single_image image=&#8221;6201&#8243; img_size=&#8221;full&#8221; onclick=&#8221;custom_link&#8221; link=&#8221;https:\/\/secbg.com.br\/?page_id=6257&#8243;][\/vc_column][\/vc_row][vc_row full_width=&#8221;stretch_row&#8221; gap=&#8221;20&#8243; content_placement=&#8221;middle&#8221; css=&#8221;.vc_custom_1679869113531{margin-bottom: 0px !important;padding-top: 30px !important;padding-bottom: 0px !important;background-color: #f5f5f5 !important;}&#8221;][vc_column][vc_custom_heading text=&#8221;NOT\u00cdCIAS&#8221; font_container=&#8221;tag:h3|font_size:30px|text_align:left|line_height:44px&#8221; google_fonts=&#8221;font_family:Oswald%3A300%2Cregular%2C700|font_style:400%20regular%3A400%3Anormal&#8221; css_animation=&#8221;fadeInUp&#8221;][vc_masonry_grid post_type=&#8221;post&#8221; max_items=&#8221;3&#8243; css=&#8221;&#8221; grid_id=&#8221;vc_gid:1775843068034-0cfdf53c-e3e5-5&#8243; taxonomies=&#8221;68&#8243;]<div class=\" ubtn-ctn-center \"><a class=\"ubtn-link ult-adjust-bottom-margin ubtn-center ubtn-normal \" href=\"https:\/\/secbg.com.br\/?page_id=595\" title=\"V\u00eddeos\" ><button type=\"button\" id=\"ubtn-8856\"  class=\"ubtn ult-adjust-bottom-margin ult-responsive ubtn-normal ubtn-no-hover-bg  none  ubtn-center   tooltip-69da04a32b4b7\"  data-hover=\"\" data-border-color=\"\" data-bg=\"#e0e0e0\" data-hover-bg=\"\" data-border-hover=\"\" data-shadow-hover=\"\" data-shadow-click=\"none\" data-shadow=\"\" data-shd-shadow=\"\"  data-ultimate-target='#ubtn-8856'  data-responsive-json-new='{\"font-size\":\"\",\"line-height\":\"\"}'  style=\"font-weight:normal;border:none;background: #e0e0e0;color: #000000;\"><span class=\"ubtn-hover\" style=\"background-color:\"><\/span><span class=\"ubtn-data ubtn-text \" >+ NOT\u00cdCIAS<\/span><\/button><\/a><\/div>[\/vc_column][\/vc_row][vc_row full_width=&#8221;stretch_row&#8221; gap=&#8221;20&#8243; content_placement=&#8221;middle&#8221; css=&#8221;.vc_custom_1679932102219{margin-bottom: 0px !important;padding-top: 30px !important;padding-bottom: 0px !important;background-color: #395371 !important;}&#8221;][vc_column width=&#8221;1\/2&#8243;][vc_raw_html]JTNDaWZyYW1lJTIwd2lkdGglM0QlMjIxMDAlMjUlMjIlMjBoZWlnaHQlM0QlMjIxNjYlMjIlMjBzY3JvbGxpbmclM0QlMjJubyUyMiUyMGZyYW1lYm9yZGVyJTNEJTIybm8lMjIlMjBhbGxvdyUzRCUyMmF1dG9wbGF5JTIyJTIwc3JjJTNEJTIyaHR0cHMlM0ElMkYlMkZ3LnNvdW5kY2xvdWQuY29tJTJGcGxheWVyJTJGJTNGdXJsJTNEaHR0cHMlMjUzQSUyRiUyRmFwaS5zb3VuZGNsb3VkLmNvbSUyRnRyYWNrcyUyRjI3MzMxNTg0NyUyNmNvbG9yJTNEZmY1NTAwJTIyJTNFJTNDJTJGaWZyYW1lJTNFJTNDZGl2JTIwc3R5bGUlM0QlMjJmb250LXNpemUlM0ElMjAxMHB4JTNCJTIwY29sb3IlM0ElMjAlMjNjY2NjY2MlM0JsaW5lLWJyZWFrJTNBJTIwYW55d2hlcmUlM0J3b3JkLWJyZWFrJTNBJTIwbm9ybWFsJTNCb3ZlcmZsb3clM0ElMjBoaWRkZW4lM0J3aGl0ZS1zcGFjZSUzQSUyMG5vd3JhcCUzQnRleHQtb3ZlcmZsb3clM0ElMjBlbGxpcHNpcyUzQiUyMGZvbnQtZmFtaWx5JTNBJTIwSW50ZXJzdGF0ZSUyQ0x1Y2lkYSUyMEdyYW5kZSUyQ0x1Y2lkYSUyMFNhbnMlMjBVbmljb2RlJTJDTHVjaWRhJTIwU2FucyUyQ0dhcnVkYSUyQ1ZlcmRhbmElMkNUYWhvbWElMkNzYW5zLXNlcmlmJTNCZm9udC13ZWlnaHQlM0ElMjAxMDAlM0IlMjIlM0UlM0NhJTIwaHJlZiUzRCUyMmh0dHBzJTNBJTJGJTJGc291bmRjbG91ZC5jb20lMkZ1c2VyLTY4OTgwMTMyNC02NzkyODk5OCUyMiUyMHRpdGxlJTNEJTIyU0VDLUJHJTIyJTIwdGFyZ2V0JTNEJTIyX2JsYW5rJTIyJTIwc3R5bGUlM0QlMjJjb2xvciUzQSUyMCUyM2NjY2NjYyUzQiUyMHRleHQtZGVjb3JhdGlvbiUzQSUyMG5vbmUlM0IlMjIlM0VTRUMtQkclM0MlMkZhJTNFJTIwJUMyJUI3JTIwJTNDYSUyMGhyZWYlM0QlMjJodHRwcyUzQSUyRiUyRnNvdW5kY2xvdWQuY29tJTJGdXNlci02ODk4MDEzMjQtNjc5Mjg5OTglMkZqaW5nbGUtc2VjLWJnLTEyOCUyMiUyMHRpdGxlJTNEJTIySmluZ2xlJTIwU0VDLUJHJTIyJTIwdGFyZ2V0JTNEJTIyX2JsYW5rJTIyJTIwc3R5bGUlM0QlMjJjb2xvciUzQSUyMCUyM2NjY2NjYyUzQiUyMHRleHQtZGVjb3JhdGlvbiUzQSUyMG5vbmUlM0IlMjIlM0VKaW5nbGUlMjBTRUMtQkclM0MlMkZhJTNFJTNDJTJGZGl2JTNF[\/vc_raw_html]<div class=\" ubtn-ctn-center \"><a class=\"ubtn-link ult-adjust-bottom-margin ubtn-center ubtn-normal \" href=\"https:\/\/secbg.com.br\/?page_id=6289\" title=\"V\u00eddeos\" ><button type=\"button\" id=\"ubtn-6587\"  class=\"ubtn ult-adjust-bottom-margin ult-responsive ubtn-normal ubtn-no-hover-bg  none  ubtn-center   tooltip-69da04a32b518\"  data-hover=\"\" data-border-color=\"\" data-bg=\"#e0e0e0\" data-hover-bg=\"\" data-border-hover=\"\" data-shadow-hover=\"\" data-shadow-click=\"none\" data-shadow=\"\" data-shd-shadow=\"\"  data-ultimate-target='#ubtn-6587'  data-responsive-json-new='{\"font-size\":\"\",\"line-height\":\"\"}'  style=\"font-weight:normal;border:none;background: #e0e0e0;color: #000000;\"><span class=\"ubtn-hover\" style=\"background-color:\"><\/span><span class=\"ubtn-data ubtn-text \" >+ \u00c1UDIOS<\/span><\/button><\/a><\/div>[\/vc_column][vc_column width=&#8221;1\/2&#8243;][vc_video link=&#8221;https:\/\/youtu.be\/5Qeq_vNhCr4&#8243;]<div class=\" ubtn-ctn-center \"><a class=\"ubtn-link ult-adjust-bottom-margin ubtn-center ubtn-normal \" href=\"https:\/\/secbg.com.br\/?page_id=6279\" title=\"V\u00eddeos\" ><button type=\"button\" id=\"ubtn-4927\"  class=\"ubtn ult-adjust-bottom-margin ult-responsive ubtn-normal ubtn-no-hover-bg  none  ubtn-center   tooltip-69da04a32b54a\"  data-hover=\"\" data-border-color=\"\" data-bg=\"#e0e0e0\" data-hover-bg=\"\" data-border-hover=\"\" data-shadow-hover=\"\" data-shadow-click=\"none\" data-shadow=\"\" data-shd-shadow=\"\"  data-ultimate-target='#ubtn-4927'  data-responsive-json-new='{\"font-size\":\"\",\"line-height\":\"\"}'  style=\"font-weight:normal;border:none;background: #e0e0e0;color: #000000;\"><span class=\"ubtn-hover\" style=\"background-color:\"><\/span><span class=\"ubtn-data ubtn-text \" >+ V\u00cdDEOS<\/span><\/button><\/a><\/div>[\/vc_column][\/vc_row][vc_row full_width=&#8221;stretch_row&#8221; gap=&#8221;20&#8243; content_placement=&#8221;middle&#8221; css=&#8221;.vc_custom_1679932137028{margin-bottom: 0px !important;padding-top: 30px !important;padding-bottom: 0px !important;background-color: #343a40 !important;}&#8221;][vc_column width=&#8221;1\/5&#8243;][vc_single_image image=&#8221;6303&#8243; img_size=&#8221;full&#8221; onclick=&#8221;custom_link&#8221; link=&#8221;http:\/\/www.fecosul.com.br\/&#8221;][\/vc_column][vc_column width=&#8221;1\/5&#8243;][vc_single_image image=&#8221;6306&#8243; img_size=&#8221;full&#8221; onclick=&#8221;custom_link&#8221; link=&#8221;http:\/\/www.cntc.com.br\/&#8221;][\/vc_column][vc_column width=&#8221;1\/5&#8243;][vc_single_image image=&#8221;6305&#8243; img_size=&#8221;full&#8221; onclick=&#8221;custom_link&#8221; link=&#8221;http:\/\/www.ugt.org.br\/&#8221;][\/vc_column][vc_column width=&#8221;1\/5&#8243;][vc_single_image image=&#8221;6302&#8243; img_size=&#8221;full&#8221; onclick=&#8221;custom_link&#8221; link=&#8221;http:\/\/www.csa-csi.org\/&#8221;][\/vc_column][vc_column width=&#8221;1\/5&#8243;][vc_single_image image=&#8221;6304&#8243; img_size=&#8221;full&#8221; onclick=&#8221;custom_link&#8221; link=&#8221;http:\/\/www.ituc-csi.org\/?lang=es&#8221;][\/vc_column][\/vc_row]<\/p>\n<\/div>","protected":false},"excerpt":{"rendered":"<p class=\"card-text\">[vc_row full_width=&#8221;stretch_row_content_no_spaces&#8221; equal_height=&#8221;yes&#8221; content_placement=&#8221;top&#8221; css=&#8221;.vc_custom_1775843082527{margin-top: -35px !important;margin-bottom: -40px !important;background-color: #395371 !important;}&#8221;][vc_column][vc_posts_slider type=&#8221;nivo&#8221; count=&#8221;Todos&#8221; interval=&#8221;3&#8243; link=&#8221;link_no&#8221; thumb_size=&#8221;2560&#215;1098&#8243; css=&#8221;.vc_custom_1774643606624{margin-bottom: 0px !important;}&#8221; posttypes=&#8221;slide&#8221;][\/vc_column][\/vc_row][vc_row full_width=&#8221;stretch_row_content_no_spaces&#8221; equal_height=&#8221;yes&#8221; content_placement=&#8221;middle&#8221;][vc_column width=&#8221;1\/2&#8243; css=&#8221;.vc_custom_1690464048705{padding-top: 10% !important;padding-right: 10% !important;padding-bottom: 10% !important;padding-left: 10% !important;background-color: #395371 !important;}&#8221;][vc_custom_heading text=&#8221;O SINDICATO \u00c9 A PRINCIPAL FOR\u00c7A DE PROTE\u00c7\u00c3O DOS SEUS DIREITOS&#8221; font_container=&#8221;tag:h2|text_align:left|color:%23ffffff&#8221; google_fonts=&#8221;font_family:Oswald%3A300%2Cregular%2C700|font_style:400%20regular%3A400%3Anormal&#8221; css_animation=&#8221;fadeInUp&#8221;][vc_column_text css_animation=&#8221;fadeInUp&#8221; css=&#8221;.vc_custom_1678988539965{padding-top: 30px !important;padding-bottom: 30px !important;}&#8221;] [&#8230;]<\/p>\n<p class=\"m-0\"><a class=\"btn btn-outline-secondary btn-read-more\" href=\"https:\/\/secbg.com.br\/\">Read More<\/a><\/p>\n","protected":false},"author":1,"featured_media":0,"parent":0,"menu_order":0,"comment_status":"closed","ping_status":"closed","template":"","meta":{"footnotes":""},"class_list":["post-6075","page","type-page","status-publish","hentry"],"_links":{"self":[{"href":"https:\/\/secbg.com.br\/index.php?rest_route=\/wp\/v2\/pages\/6075","targetHints":{"allow":["GET"]}}],"collection":[{"href":"https:\/\/secbg.com.br\/index.php?rest_route=\/wp\/v2\/pages"}],"about":[{"href":"https:\/\/secbg.com.br\/index.php?rest_route=\/wp\/v2\/types\/page"}],"author":[{"embeddable":true,"href":"https:\/\/secbg.com.br\/index.php?rest_route=\/wp\/v2\/users\/1"}],"replies":[{"embeddable":true,"href":"https:\/\/secbg.com.br\/index.php?rest_route=%2Fwp%2Fv2%2Fcomments&post=6075"}],"version-history":[{"count":10,"href":"https:\/\/secbg.com.br\/index.php?rest_route=\/wp\/v2\/pages\/6075\/revisions"}],"predecessor-version":[{"id":7138,"href":"https:\/\/secbg.com.br\/index.php?rest_route=\/wp\/v2\/pages\/6075\/revisions\/7138"}],"wp:attachment":[{"href":"https:\/\/secbg.com.br\/index.php?rest_route=%2Fwp%2Fv2%2Fmedia&parent=6075"}],"curies":[{"name":"wp","href":"https:\/\/api.w.org\/{rel}","templated":true}]}}