{"id":6257,"date":"2023-03-26T19:03:53","date_gmt":"2023-03-26T19:03:53","guid":{"rendered":"https:\/\/secbg.com.br\/?page_id=6257"},"modified":"2024-03-23T13:20:14","modified_gmt":"2024-03-23T13:20:14","slug":"convenios-2","status":"publish","type":"page","link":"https:\/\/secbg.com.br\/?page_id=6257","title":{"rendered":"Benef\u00edcios"},"content":{"rendered":"<div class=\"wpb-content-wrapper\"><p>[vc_row full_width=&#8221;stretch_row&#8221; equal_height=&#8221;yes&#8221; css=&#8221;.vc_custom_1679859466322{background-color: #ffffff !important;}&#8221;][vc_column][vc_column_text]O SEC-BG est\u00e1 constantemente em busca de melhores condi\u00e7\u00f5es para os comerci\u00e1rios. S\u00f3cios ou n\u00e3o, todos t\u00eam direito \u00e0 defesa dos seus direitos, tanto aqueles estabelecidos na legisla\u00e7\u00e3o trabalhista, quanto aqueles que s\u00e3o consquistas exclusivas da categoria comerci\u00e1ria. Ou seja, o trabalhador do com\u00e9rcio possui muitos outros benef\u00edcios que s\u00e3o fruto de um trabalho atuante do Sindicato ao longo do tempo.<\/p>\n<p>O SEC-BG \u00e9 a institui\u00e7\u00e3o que est\u00e1 sempre \u00e0 disposi\u00e7\u00e3o de todos os empregados no com\u00e9rcio, seja para esclarecer d\u00favidas relacionadas ao cotidiano no local de trabalho, seja para uma atua\u00e7\u00e3o mais forte perante os \u00f3rg\u00e3os que regulam a rela\u00e7\u00e3o entre empregado x empregador.<\/p>\n<p>Para o SEC-BG, todos os comerci\u00e1rios t\u00eam direito a:<\/p>\n<ul>\n<li>INFORMA\u00c7\u00d5ES TRABALHISTAS<\/li>\n<li>C\u00c1LCULOS TRABALHISTAS<\/li>\n<li>CONFER\u00caNCIA E RESCIS\u00c3O DE CONTRATO DE TRABALHO<\/li>\n<li>ATENDIMENTO JUR\u00cdDICO COM INFORMA\u00c7\u00d5ES INICIAIS SEM CUSTO<\/li>\n<li>CONVEN\u00c7\u00d5ES COLETIVAS QUE BUSQUEM VALORIZAR O TRABALHO DO COMERCI\u00c1RIO<\/li>\n<\/ul>\n<p>AL\u00c9M DISSO, TODOS OS COMERCI\u00c1RIOS QUE FAZEM PARTE DA BASE TERRITORIAL ATENDIDA PELO SEC-BG T\u00caM DIREITO A BENEF\u00cdCIOS NA \u00c1REA DA SA\u00daDE COM IN\u00daMEROS PROFISSIONAIS CREDENCIADOS.<\/p>\n<p>DESCONTOS DE 10% A 50% EM CONSULTAS E EXAMES M\u00c9DICOS[\/vc_column_text]<div class=\" ubtn-ctn-left \"><a class=\"ubtn-link ult-adjust-bottom-margin ubtn-left ubtn-normal \" href=\"https:\/\/secbg.com.br\/?page_id=6235\" title=\"Conv\u00eanios\" ><button type=\"button\" id=\"ubtn-8789\"  class=\"ubtn ult-adjust-bottom-margin ult-responsive ubtn-normal ubtn-no-hover-bg  none  ubtn-left   tooltip-69d7aba811179\"  data-hover=\"\" data-border-color=\"\" data-bg=\"#e0e0e0\" data-hover-bg=\"\" data-border-hover=\"\" data-shadow-hover=\"\" data-shadow-click=\"none\" data-shadow=\"\" data-shd-shadow=\"\"  data-ultimate-target='#ubtn-8789'  data-responsive-json-new='{\"font-size\":\"\",\"line-height\":\"\"}'  style=\"font-weight:normal;border:none;background: #e0e0e0;color: #000000;\"><span class=\"ubtn-hover\" style=\"background-color:\"><\/span><span class=\"ubtn-data ubtn-text \" >CONSULTE OS CONV\u00caNIOS<\/span><\/button><\/a><\/div>[\/vc_column][\/vc_row][vc_row full_width=&#8221;stretch_row&#8221; equal_height=&#8221;yes&#8221; css=&#8221;.vc_custom_1679859483139{background-color: #f5f5f5 !important;}&#8221;][vc_column width=&#8221;1\/2&#8243; css=&#8221;.vc_custom_1487601656806{padding-top: 20% !important;padding-right: 15% !important;padding-bottom: 20% !important;padding-left: 15% !important;}&#8221;][vc_column_text css_animation=&#8221;fadeInUp&#8221;]<\/p>\n<h3 style=\"font-size: 30px; line-height: 44px !important;\"><strong>ASSOCIADOS TEM AINDA MAIS VANTAGENS<\/strong><\/h3>\n<p>[\/vc_column_text][vc_column_text]<\/p>\n<p style=\"font-size: 18px; color: #888;\">AL\u00c9M DOS DESCONTOS EM CONSULTAS M\u00c9DICAS E EXAMES, O ASSOCIADO SEC-BG RECEBE UM REEMBOLSO DE AT\u00c9 R$ 50 SOBRE O VALOR PAGO PELA CONSULTA.<\/p>\n<p>ASSOCIE-SE, FAZ BEM PRA VOC\u00ca!<\/p>\n<p>[\/vc_column_text]<div class=\" ubtn-ctn-left \"><a class=\"ubtn-link ult-adjust-bottom-margin ubtn-left ubtn-normal \" href=\"https:\/\/secbg.com.br\/?page_id=6266\" title=\"Associe-se\" ><button type=\"button\" id=\"ubtn-6184\"  class=\"ubtn ult-adjust-bottom-margin ult-responsive ubtn-normal ubtn-no-hover-bg  none  ubtn-left   tooltip-69d7aba8111dd\"  data-hover=\"\" data-border-color=\"\" data-bg=\"#e0e0e0\" data-hover-bg=\"\" data-border-hover=\"\" data-shadow-hover=\"\" data-shadow-click=\"none\" data-shadow=\"\" data-shd-shadow=\"\"  data-ultimate-target='#ubtn-6184'  data-responsive-json-new='{\"font-size\":\"\",\"line-height\":\"\"}'  style=\"font-weight:normal;border:none;background: #e0e0e0;color: #000000;\"><span class=\"ubtn-hover\" style=\"background-color:\"><\/span><span class=\"ubtn-data ubtn-text \" >QUERO ME ASSOCIAR<\/span><\/button><\/a><\/div>[\/vc_column][vc_column width=&#8221;1\/2&#8243; css=&#8221;.vc_custom_1679857564418{background-image: url(https:\/\/secbg.com.br\/wp-content\/uploads\/2023\/03\/cofre.jpg?id=6260) !important;background-position: center !important;background-repeat: no-repeat !important;background-size: cover !important;}&#8221;][\/vc_column][\/vc_row][vc_row css=&#8221;.vc_custom_1679857671831{padding-top: 100px !important;}&#8221;][vc_column width=&#8221;1\/6&#8243;][\/vc_column][vc_column width=&#8221;2\/3&#8243;][vc_single_image image=&#8221;6262&#8243; img_size=&#8221;full&#8221; alignment=&#8221;center&#8221;][\/vc_column][vc_column width=&#8221;1\/6&#8243;][\/vc_column][\/vc_row]<\/p>\n<\/div>","protected":false},"excerpt":{"rendered":"<p class=\"card-text\">[vc_row full_width=&#8221;stretch_row&#8221; equal_height=&#8221;yes&#8221; css=&#8221;.vc_custom_1679859466322{background-color: #ffffff !important;}&#8221;][vc_column][vc_column_text]O SEC-BG est\u00e1 constantemente em busca de melhores condi\u00e7\u00f5es para os comerci\u00e1rios. S\u00f3cios ou n\u00e3o, todos t\u00eam direito \u00e0 defesa dos seus direitos, tanto aqueles estabelecidos na legisla\u00e7\u00e3o trabalhista, quanto aqueles que s\u00e3o consquistas exclusivas da categoria comerci\u00e1ria. Ou seja, o trabalhador do com\u00e9rcio possui muitos outros benef\u00edcios que s\u00e3o [&#8230;]<\/p>\n<p class=\"m-0\"><a class=\"btn btn-outline-secondary btn-read-more\" href=\"https:\/\/secbg.com.br\/?page_id=6257\">Read More<\/a><\/p>\n","protected":false},"author":1,"featured_media":0,"parent":0,"menu_order":0,"comment_status":"closed","ping_status":"closed","template":"","meta":{"footnotes":""},"class_list":["post-6257","page","type-page","status-publish","hentry"],"_links":{"self":[{"href":"https:\/\/secbg.com.br\/index.php?rest_route=\/wp\/v2\/pages\/6257","targetHints":{"allow":["GET"]}}],"collection":[{"href":"https:\/\/secbg.com.br\/index.php?rest_route=\/wp\/v2\/pages"}],"about":[{"href":"https:\/\/secbg.com.br\/index.php?rest_route=\/wp\/v2\/types\/page"}],"author":[{"embeddable":true,"href":"https:\/\/secbg.com.br\/index.php?rest_route=\/wp\/v2\/users\/1"}],"replies":[{"embeddable":true,"href":"https:\/\/secbg.com.br\/index.php?rest_route=%2Fwp%2Fv2%2Fcomments&post=6257"}],"version-history":[{"count":10,"href":"https:\/\/secbg.com.br\/index.php?rest_route=\/wp\/v2\/pages\/6257\/revisions"}],"predecessor-version":[{"id":6531,"href":"https:\/\/secbg.com.br\/index.php?rest_route=\/wp\/v2\/pages\/6257\/revisions\/6531"}],"wp:attachment":[{"href":"https:\/\/secbg.com.br\/index.php?rest_route=%2Fwp%2Fv2%2Fmedia&parent=6257"}],"curies":[{"name":"wp","href":"https:\/\/api.w.org\/{rel}","templated":true}]}}