{"id":952,"date":"2017-02-21T12:21:14","date_gmt":"2017-02-21T12:21:14","guid":{"rendered":"http:\/\/theme.visualmodo.com\/marvel\/?page_id=381"},"modified":"2024-09-18T20:27:51","modified_gmt":"2024-09-18T20:27:51","slug":"institucional","status":"publish","type":"page","link":"https:\/\/secbg.com.br\/?page_id=952","title":{"rendered":"Institucional"},"content":{"rendered":"<div class=\"wpb-content-wrapper\"><p>[vc_row full_width=&#8221;stretch_row_content_no_spaces&#8221; equal_height=&#8221;yes&#8221; css=&#8221;.vc_custom_1716993744159{background-color: #f5f5f5 !important;}&#8221;][vc_column width=&#8221;1\/4&#8243;][\/vc_column][vc_column width=&#8221;1\/2&#8243;][vc_single_image image=&#8221;6417&#8243; img_size=&#8221;full&#8221;][\/vc_column][vc_column width=&#8221;1\/4&#8243;][\/vc_column][\/vc_row][vc_row full_width=&#8221;stretch_row_content_no_spaces&#8221; equal_height=&#8221;yes&#8221; css=&#8221;.vc_custom_1716993800103{background-color: #f5f5f5 !important;}&#8221;][vc_column width=&#8221;1\/4&#8243;][\/vc_column][vc_column width=&#8221;1\/3&#8243; css=&#8221;.vc_custom_1679599492586{background-position: center !important;background-repeat: no-repeat !important;background-size: cover !important;}&#8221;][vc_column_text css_animation=&#8221;fadeInUp&#8221;]<\/p>\n<h3 style=\"font-size: 30px; line-height: 44px !important; text-align: center;\"><strong>DIRETORIA<\/strong><\/h3>\n<p>[\/vc_column_text][vc_column_text]<b>DIRETORIA DO SEC BG<br \/>\n<\/b><b>MANDATO NO PER\u00cdODO DE 18 DE DEZEMBRO DE 2023 \u00c0 17 DE DEZEMBRO DE 2027<\/b><\/p>\n<p><span style=\"font-weight: 400;\">DIRETORIA:<\/span><br \/>\n<b>Presidente: Orildes Maria Lottici<\/b><span style=\"font-weight: 400;\"><br \/>\n<\/span><b>Secret\u00e1rio Geral: Mauri Chaves de Escobar<br \/>\n<\/b><b>Tesoureiro: S\u00e9rgio Marino Ribeiro Neves<br \/>\n<\/b><b>Diretor de Assuntos Sindicais: Jamir de Farias Borges<br \/>\n<\/b><b>Diretor de Rela\u00e7\u00f5es Institucionais: Adriana Ara\u00fajo Mun\u00f5z<br \/>\n<\/b><b>Diretor de Patrim\u00f4nio: Emanuele Damaceno<\/b><\/p>\n<p><span style=\"font-weight: 400;\">SUPLENTES DA DIRETORIA:<br \/>\n<\/span><b>Juleide Maria Zanotelli<br \/>\n<\/b><b>Edson Luis da Costa Oliveira<\/b><\/p>\n<p><span style=\"font-weight: 400;\">CONSELHO FISCAL:<br \/>\n<\/span><b>Nelso Trevisan<br \/>\n<\/b><b>Justino Natal Conte<br \/>\n<\/b><b>Janete Maria Geremia Beluzzo<\/b><\/p>\n<p><span style=\"font-weight: 400;\">CONSELHO FISCAL SUPLENTES:<br \/>\n<\/span><b>Teresinha Mikolaiczyka<\/b>[\/vc_column_text][\/vc_column][vc_column width=&#8221;1\/6&#8243;][vc_single_image image=&#8221;6211&#8243; img_size=&#8221;full&#8221;][vc_column_text]Orildes Maria Lottici &#8211; Presidente do SEC-BG, \u00e9 membro do Conselho do SESC-RS; Secret\u00e1ria de Forma\u00e7\u00e3o Sindical da UGT-RS e Secret\u00e1ria de Pol\u00edticas Sociais da UGT Brasil.[\/vc_column_text][\/vc_column][vc_column width=&#8221;1\/4&#8243;][\/vc_column][\/vc_row][vc_row full_width=&#8221;stretch_row_content_no_spaces&#8221; gap=&#8221;35&#8243; content_placement=&#8221;middle&#8221; css=&#8221;.vc_custom_1716994034343{padding-top: 0px !important;padding-bottom: 0px !important;background-color: #d0dadb !important;background-position: center !important;background-repeat: no-repeat !important;background-size: cover !important;}&#8221;][vc_column width=&#8221;1\/4&#8243;][\/vc_column][vc_column width=&#8221;1\/4&#8243; css=&#8221;.vc_custom_1716994043633{padding-top: 100px !important;padding-bottom: 100px !important;}&#8221;][vc_column_text css_animation=&#8221;fadeInUp&#8221;]<\/p>\n<h3 style=\"font-size: 30px; line-height: 44px !important;\"><strong>BASE TERRITORIAL<\/strong><\/h3>\n<p>[\/vc_column_text][vc_column_text]O SEC-BG nasceu com um limite geogr\u00e1fico extensivo somente ao munic\u00edpio de Bento Gon\u00e7alves, por\u00e9m mais tarde, recebeu autoriza\u00e7\u00e3o do Minist\u00e9rio do Trabalho para estender sua base para outros munic\u00edpios que s\u00e3o:<\/p>\n<p>&#8211; Bento Gon\u00e7alves<br \/>\n&#8211; Carlos Barbosa<br \/>\n&#8211; Garibaldi<br \/>\n&#8211; Nova Ara\u00e7\u00e1<br \/>\n&#8211; Nova Bassano<br \/>\n&#8211; Nova Prata<br \/>\n&#8211; Para\u00ed<br \/>\n&#8211; Veran\u00f3polis[\/vc_column_text][\/vc_column][vc_column width=&#8221;1\/4&#8243;][vc_single_image image=&#8221;6583&#8243; img_size=&#8221;full&#8221; alignment=&#8221;right&#8221;][\/vc_column][vc_column width=&#8221;1\/6&#8243;][\/vc_column][\/vc_row][vc_row css=&#8221;.vc_custom_1679599286462{padding-top: 100px !important;}&#8221;][vc_column][vc_column_text css_animation=&#8221;fadeInUp&#8221;]<\/p>\n<h3 style=\"font-size: 30px; line-height: 44px !important; text-align: center;\"><strong>HIST\u00d3RICO<\/strong><\/h3>\n<p>[\/vc_column_text][vc_column_text]O Sindicato dos Empregados no Com\u00e9rcio de Bento Gon\u00e7alves (SEC-BG) foi fundado no dia 28 de novembro de 1977, a partir do interesse de trabalhadores comerci\u00e1rios do munic\u00edpio, alguns inclusive que migraram para Bento Gon\u00e7alves, acompanhando o desenvolvimento do com\u00e9rcio local que, a partir de meados dos anos 70, passou a receber filiais de redes regionais e Nacionais. Tal a\u00e7\u00e3o exigiu, inclusive, um repensar dos empreendedores locais sobre o seu neg\u00f3cio e a rela\u00e7\u00e3o de trabalho.<\/p>\n<p>No in\u00edcio, por cumprimento da legisla\u00e7\u00e3o trabalhista vigente \u00e0 \u00e9poca, a organiza\u00e7\u00e3o dos comerci\u00e1rios teve que passar pelo est\u00e1gio de Associa\u00e7\u00e3o Profissional, para ent\u00e3o, ap\u00f3s um per\u00edodo de \u201cprova\u00e7\u00e3o\u201d, receber a Carta Sindical, em 25 de junho de 1979, referente ao processo MTB 323.045 de 1978, referente \u00e0 Carta Sindical registrada no Livro 84, folha 16, em 20 de junho de 1979, documento que garantiria a personalidade jur\u00eddica e de efetiva representa\u00e7\u00e3o, com poderes para representar, negociar acordos e Conven\u00e7\u00f5es Coletivas em benef\u00edcio \u00e0 categoria comerci\u00e1ria como um todo.<\/p>\n<p>Em 22 de janeiro de 1985, o SEC-BG foi autorizado pelo Minist\u00e9rio do Trabalho e Emprego a ampliar sua base territorial, atrav\u00e9s do Processo MTB 24400.005846\/84, chegando a Garibaldi, Carlos Barbosa, Salvador do Sul, Veran\u00f3polis, Nova Prata, Nova Bassano, Nova Ara\u00e7\u00e1 e Para\u00ed. Do per\u00edodo de funda\u00e7\u00e3o at\u00e9 os dias de hoje, o SEC-BG teve sete presidentes, sendo eles:<\/p>\n<p>1\u00aa Elei\u00e7\u00e3o &#8211; 28\/11\/1977 &#8211; Ol\u00edvio Guisso<br \/>\n2\u00aa Elei\u00e7\u00e3o &#8211; 04\/09\/1978 &#8211; Rui Perin<br \/>\n3\u00aa Elei\u00e7\u00e3o &#8211; 16\/11\/1979 &#8211; Luiz Ant\u00f4nio Crist\u00f3foli<br \/>\n4\u00aa Elei\u00e7\u00e3o &#8211; 16\/09\/1980 &#8211; Ol\u00edvio Guisso<br \/>\n5\u00aa Elei\u00e7\u00e3o &#8211; 23\/10\/1982 &#8211; Jamir Luiz Pivotto<br \/>\n6\u00aa Elei\u00e7\u00e3o &#8211; 20\/10\/1985 &#8211; S\u00e9rgio Marino Ribeiro Neves<br \/>\n7\u00aa Elei\u00e7\u00e3o &#8211; 21\/10\/1988 &#8211; Maria Roseli de Souza Marcon<br \/>\n8\u00aa Elei\u00e7\u00e3o &#8211; 21\/10\/1991 &#8211; Maria Roseli de Souza Marcon<br \/>\n9\u00aa Elei\u00e7\u00e3o &#8211; 17\/11\/1995 &#8211; Orildes Maria Lottici<br \/>\n10\u00aa Elei\u00e7\u00e3o &#8211; 10\/11\/1999 &#8211; Orildes Maria Lottici<br \/>\n11\u00aa Elei\u00e7\u00e3o &#8211; 14\/11\/2003 &#8211; Orildes Maria Lottici<br \/>\n12\u00aa Elei\u00e7\u00e3o &#8211; 25\/10\/2007 &#8211; Orildes Maria Lottici<br \/>\n13\u00aa Elei\u00e7\u00e3o &#8211; 19\/10\/2011 &#8211; Orildes Maria Lottici<br \/>\n14\u00aa Elei\u00e7\u00e3o &#8211;<br \/>\n15\u00aa Elei\u00e7\u00e3o &#8211;<\/p>\n<p>Da funda\u00e7\u00e3o do SEC-BG aos dias de hoje o Brasil mudou, a categoria mudou muito e o Sindicato tamb\u00e9m. Hoje os comerci\u00e1rios representados disp\u00f5em de uma estrutura preparada para reivindicar e defender os interesses da categoria comerci\u00e1ria. Seja em quest\u00f5es diretas e corporativas da categoria, como remunera\u00e7\u00e3o e regulamenta\u00e7\u00e3o do trabalho da categoria, como em quest\u00f5es sociais de abrang\u00eancia geral, como transporte coletivo, saneamento b\u00e1sico, moradia, educa\u00e7\u00e3o e sa\u00fade, entre outras, al\u00e9m de estar inserido em campanhas de conscientiza\u00e7\u00e3o, como a luta contra o c\u00e2ncer, programas de inclus\u00e3o social e atividades que ajudem na conscientiza\u00e7\u00e3o e aproveitamento da melhor idade.<\/p>\n<p>As negocia\u00e7\u00f5es coletivas s\u00e3o desenvolvidas com as entidades patronais para os setores de Farm\u00e1cias, \u00d3tico e Cinematogr\u00e1fico, Funer\u00e1rias, Com\u00e9rcio Atacadista, Com\u00e9rcio Varejista, Ve\u00edculos e Pe\u00e7as para Ve\u00edculos, G\u00eaneros Aliment\u00edcios, bem como para \u00e1reas especificas, como Com\u00e9rcio Atacadista de \u00c1lcool e Bebidas em Geral, ou Com\u00e9rcio Atacadista de Madeira, por exemplo.<\/p>\n<p>O SEC-BG aperfei\u00e7oa-se e busca entender e falar a linguagem dos membros de sua categoria profissional atrav\u00e9s dos mais variados canais de comunica\u00e7\u00e3o (e-mail \/ site \/ telefone \/ correspond\u00eancias \/ contatos pessoais \/ escrit\u00f3rios regionais), procurando estar o mais pr\u00f3ximo poss\u00edvel do seu p\u00fablico.[\/vc_column_text][\/vc_column][\/vc_row]<\/p>\n<\/div>","protected":false},"excerpt":{"rendered":"<p class=\"card-text\">[vc_row full_width=&#8221;stretch_row_content_no_spaces&#8221; equal_height=&#8221;yes&#8221; css=&#8221;.vc_custom_1716993744159{background-color: #f5f5f5 !important;}&#8221;][vc_column width=&#8221;1\/4&#8243;][\/vc_column][vc_column width=&#8221;1\/2&#8243;][vc_single_image image=&#8221;6417&#8243; img_size=&#8221;full&#8221;][\/vc_column][vc_column width=&#8221;1\/4&#8243;][\/vc_column][\/vc_row][vc_row full_width=&#8221;stretch_row_content_no_spaces&#8221; equal_height=&#8221;yes&#8221; css=&#8221;.vc_custom_1716993800103{background-color: #f5f5f5 !important;}&#8221;][vc_column width=&#8221;1\/4&#8243;][\/vc_column][vc_column width=&#8221;1\/3&#8243; css=&#8221;.vc_custom_1679599492586{background-position: center !important;background-repeat: no-repeat !important;background-size: cover !important;}&#8221;][vc_column_text css_animation=&#8221;fadeInUp&#8221;] DIRETORIA [\/vc_column_text][vc_column_text]DIRETORIA DO SEC BG MANDATO NO PER\u00cdODO DE 18 DE DEZEMBRO DE 2023 \u00c0 17 DE DEZEMBRO DE 2027 DIRETORIA: Presidente: Orildes Maria Lottici Secret\u00e1rio Geral: Mauri Chaves [&#8230;]<\/p>\n<p class=\"m-0\"><a class=\"btn btn-outline-secondary btn-read-more\" href=\"https:\/\/secbg.com.br\/?page_id=952\">Read More<\/a><\/p>\n","protected":false},"author":1,"featured_media":0,"parent":0,"menu_order":0,"comment_status":"closed","ping_status":"closed","template":"","meta":{"footnotes":""},"class_list":["post-952","page","type-page","status-publish","hentry"],"_links":{"self":[{"href":"https:\/\/secbg.com.br\/index.php?rest_route=\/wp\/v2\/pages\/952","targetHints":{"allow":["GET"]}}],"collection":[{"href":"https:\/\/secbg.com.br\/index.php?rest_route=\/wp\/v2\/pages"}],"about":[{"href":"https:\/\/secbg.com.br\/index.php?rest_route=\/wp\/v2\/types\/page"}],"author":[{"embeddable":true,"href":"https:\/\/secbg.com.br\/index.php?rest_route=\/wp\/v2\/users\/1"}],"replies":[{"embeddable":true,"href":"https:\/\/secbg.com.br\/index.php?rest_route=%2Fwp%2Fv2%2Fcomments&post=952"}],"version-history":[{"count":11,"href":"https:\/\/secbg.com.br\/index.php?rest_route=\/wp\/v2\/pages\/952\/revisions"}],"predecessor-version":[{"id":6611,"href":"https:\/\/secbg.com.br\/index.php?rest_route=\/wp\/v2\/pages\/952\/revisions\/6611"}],"wp:attachment":[{"href":"https:\/\/secbg.com.br\/index.php?rest_route=%2Fwp%2Fv2%2Fmedia&parent=952"}],"curies":[{"name":"wp","href":"https:\/\/api.w.org\/{rel}","templated":true}]}}